{"id":2,"date":"2024-09-21T22:09:57","date_gmt":"2024-09-21T22:09:57","guid":{"rendered":"http:\/\/radekstencl.com\/?page_id=2"},"modified":"2024-10-06T17:17:57","modified_gmt":"2024-10-06T17:17:57","slug":"nic","status":"publish","type":"page","link":"https:\/\/www.radekstencl.com\/cz\/nic\/","title":{"rendered":"Nic"},"content":{"rendered":"<div style=\"height:50px\" aria-hidden=\"true\" class=\"wp-block-spacer\"><\/div><h1 class=\"wp-block-heading\">Nic &#8211; prvn\u00ed a jedine\u010dn\u00e9 m\u00edsto, kde jej m\u016f\u017eete koupit<\/h1><div class=\"woocommerce\">\t\t\t<div class=\"single-product\" data-product-page-preselected-id=\"0\">\n\t\t\t\t<div class=\"woocommerce-notices-wrapper\"><\/div><div id=\"product-521\" class=\"ast-article-single ast-woo-product-no-review desktop-align-center tablet-align-left mobile-align-left product type-product post-521 status-publish first instock product_cat-nic has-post-thumbnail virtual purchasable product-type-simple\">\n\n\t<div class=\"woocommerce-product-gallery woocommerce-product-gallery--with-images woocommerce-product-gallery--columns-4 images\" data-columns=\"4\" style=\"opacity: 0; transition: opacity .25s ease-in-out;\">\n\t<div class=\"woocommerce-product-gallery__wrapper\">\n\t\t<div data-thumb=\"https:\/\/www.radekstencl.com\/cz\/wp-content\/uploads\/sites\/4\/2024\/10\/Nothing-100x100.jpg\" data-thumb-alt=\"\" data-thumb-srcset=\"https:\/\/www.radekstencl.com\/cz\/wp-content\/uploads\/sites\/4\/2024\/10\/Nothing-100x100.jpg 100w, https:\/\/www.radekstencl.com\/cz\/wp-content\/uploads\/sites\/4\/2024\/10\/Nothing-150x150.jpg 150w, https:\/\/www.radekstencl.com\/cz\/wp-content\/uploads\/sites\/4\/2024\/10\/Nothing-300x300.jpg 300w\" class=\"woocommerce-product-gallery__image\"><a href=\"https:\/\/www.radekstencl.com\/cz\/wp-content\/uploads\/sites\/4\/2024\/10\/Nothing.jpg\"><img loading=\"lazy\" decoding=\"async\" width=\"600\" height=\"450\" src=\"https:\/\/www.radekstencl.com\/cz\/wp-content\/uploads\/sites\/4\/2024\/10\/Nothing-600x450.jpg\" class=\"wp-post-image\" alt=\"\" title=\"Nothing\" data-caption=\"\" data-src=\"https:\/\/www.radekstencl.com\/cz\/wp-content\/uploads\/sites\/4\/2024\/10\/Nothing.jpg\" data-large_image=\"https:\/\/www.radekstencl.com\/cz\/wp-content\/uploads\/sites\/4\/2024\/10\/Nothing.jpg\" data-large_image_width=\"800\" data-large_image_height=\"600\" srcset=\"https:\/\/www.radekstencl.com\/cz\/wp-content\/uploads\/sites\/4\/2024\/10\/Nothing-600x450.jpg 600w, https:\/\/www.radekstencl.com\/cz\/wp-content\/uploads\/sites\/4\/2024\/10\/Nothing-300x225.jpg 300w, https:\/\/www.radekstencl.com\/cz\/wp-content\/uploads\/sites\/4\/2024\/10\/Nothing-768x576.jpg 768w, https:\/\/www.radekstencl.com\/cz\/wp-content\/uploads\/sites\/4\/2024\/10\/Nothing.jpg 800w\" sizes=\"(max-width: 600px) 100vw, 600px\" \/><\/a><\/div>\t<\/div>\n<\/div>\n\n\t<div class=\"summary entry-summary\">\n\t\t<p class=\"price\"><span class=\"woocommerce-Price-amount amount\"><bdi>99&nbsp;<span class=\"woocommerce-Price-currencySymbol\">&#75;&#269;<\/span><\/bdi><\/span><\/p>\n<div class=\"woocommerce-product-details__short-description\">\n\t<p>Toto je prvn\u00ed origin\u00e1ln\u00ed m\u00edsto v cel\u00e9m vesm\u00edru, kde m\u016f\u017eete za n\u011bco zaplatit a nic za to nedostat.<\/p>\n<p>Kupte si jedno nebo v\u00edce Nic, podle toho, jak velk\u00e9 Nic chcete.<\/p>\n<p>Nezapome\u0148te se pod\u011blit s pocity po n\u00e1kupu.<\/p>\n<\/div>\n\n\t\n\t<form class=\"cart\" action=\"\" method=\"post\" enctype='multipart\/form-data'>\n\t\t\n\t\t<div class=\"quantity\">\n\t\t<label class=\"screen-reader-text\" for=\"quantity_69f482c277049\">Nic mno\u017estv\u00ed<\/label>\n\t<input\n\t\ttype=\"number\"\n\t\t\t\tid=\"quantity_69f482c277049\"\n\t\tclass=\"input-text qty text\"\n\t\tname=\"quantity\"\n\t\tvalue=\"1\"\n\t\taria-label=\"Mno\u017estv\u00ed\"\n\t\tsize=\"4\"\n\t\tmin=\"1\"\n\t\tmax=\"\"\n\t\t\t\t\tstep=\"1\"\n\t\t\tplaceholder=\"\"\n\t\t\tinputmode=\"numeric\"\n\t\t\tautocomplete=\"off\"\n\t\t\t\/>\n\t<\/div>\n\n\t\t<button type=\"submit\" name=\"add-to-cart\" value=\"521\" class=\"single_add_to_cart_button button alt\">P\u0159idat do ko\u0161\u00edku<\/button>\n\n\t\t\t<\/form>\n\n\t\t\t<div id=\"wc-stripe-payment-request-wrapper\" style=\"margin-top: 1em;clear:both;display:none;\">\n\t\t\t<div id=\"wc-stripe-payment-request-button\">\n\t\t\t\t\t\t\t\t<!-- A Stripe Element will be inserted here. -->\n\t\t\t<\/div>\n\t\t<\/div>\n\t\t\n\t<\/div>\n\n\t<\/div>\n\n\t\t\t<\/div>\n\t\t\t<\/div><p><\/p>","protected":false},"excerpt":{"rendered":"<p>Nic &#8211; prvn\u00ed a jedine\u010dn\u00e9 m\u00edsto, kde jej m\u016f\u017eete koupit<\/p>\n","protected":false},"author":1,"featured_media":0,"parent":0,"menu_order":0,"comment_status":"closed","ping_status":"open","template":"","meta":{"site-sidebar-layout":"default","site-content-layout":"","ast-site-content-layout":"","site-content-style":"default","site-sidebar-style":"default","ast-global-header-display":"","ast-banner-title-visibility":"","ast-main-header-display":"","ast-hfb-above-header-display":"","ast-hfb-below-header-display":"","ast-hfb-mobile-header-display":"","site-post-title":"disabled","ast-breadcrumbs-content":"","ast-featured-img":"","footer-sml-layout":"","theme-transparent-header-meta":"","adv-header-id-meta":"","stick-header-meta":"","header-above-stick-meta":"","header-main-stick-meta":"","header-below-stick-meta":"","astra-migrate-meta-layouts":"default","ast-page-background-enabled":"default","ast-page-background-meta":{"desktop":{"background-color":"var(--ast-global-color-4)","background-image":"","background-repeat":"repeat","background-position":"center center","background-size":"auto","background-attachment":"scroll","background-type":"","background-media":"","overlay-type":"","overlay-color":"","overlay-opacity":"","overlay-gradient":""},"tablet":{"background-color":"","background-image":"","background-repeat":"repeat","background-position":"center center","background-size":"auto","background-attachment":"scroll","background-type":"","background-media":"","overlay-type":"","overlay-color":"","overlay-opacity":"","overlay-gradient":""},"mobile":{"background-color":"","background-image":"","background-repeat":"repeat","background-position":"center center","background-size":"auto","background-attachment":"scroll","background-type":"","background-media":"","overlay-type":"","overlay-color":"","overlay-opacity":"","overlay-gradient":""}},"ast-content-background-meta":{"desktop":{"background-color":"var(--ast-global-color-5)","background-image":"","background-repeat":"repeat","background-position":"center center","background-size":"auto","background-attachment":"scroll","background-type":"","background-media":"","overlay-type":"","overlay-color":"","overlay-opacity":"","overlay-gradient":""},"tablet":{"background-color":"var(--ast-global-color-5)","background-image":"","background-repeat":"repeat","background-position":"center center","background-size":"auto","background-attachment":"scroll","background-type":"","background-media":"","overlay-type":"","overlay-color":"","overlay-opacity":"","overlay-gradient":""},"mobile":{"background-color":"var(--ast-global-color-5)","background-image":"","background-repeat":"repeat","background-position":"center center","background-size":"auto","background-attachment":"scroll","background-type":"","background-media":"","overlay-type":"","overlay-color":"","overlay-opacity":"","overlay-gradient":""}},"footnotes":""},"class_list":["post-2","page","type-page","status-publish","hentry","desktop-align-center","tablet-align-left","mobile-align-left"],"_links":{"self":[{"href":"https:\/\/www.radekstencl.com\/cz\/wp-json\/wp\/v2\/pages\/2"}],"collection":[{"href":"https:\/\/www.radekstencl.com\/cz\/wp-json\/wp\/v2\/pages"}],"about":[{"href":"https:\/\/www.radekstencl.com\/cz\/wp-json\/wp\/v2\/types\/page"}],"author":[{"embeddable":true,"href":"https:\/\/www.radekstencl.com\/cz\/wp-json\/wp\/v2\/users\/1"}],"replies":[{"embeddable":true,"href":"https:\/\/www.radekstencl.com\/cz\/wp-json\/wp\/v2\/comments?post=2"}],"version-history":[{"count":3,"href":"https:\/\/www.radekstencl.com\/cz\/wp-json\/wp\/v2\/pages\/2\/revisions"}],"predecessor-version":[{"id":525,"href":"https:\/\/www.radekstencl.com\/cz\/wp-json\/wp\/v2\/pages\/2\/revisions\/525"}],"wp:attachment":[{"href":"https:\/\/www.radekstencl.com\/cz\/wp-json\/wp\/v2\/media?parent=2"}],"curies":[{"name":"wp","href":"https:\/\/api.w.org\/{rel}","templated":true}]}}