{"id":461,"date":"2024-10-02T21:54:43","date_gmt":"2024-10-02T21:54:43","guid":{"rendered":"https:\/\/www.radekstencl.com\/cz\/?post_type=product&#038;p=461"},"modified":"2024-10-05T07:46:28","modified_gmt":"2024-10-05T07:46:28","slug":"kocour-s-kulovym-bleskem-tisk","status":"publish","type":"product","link":"https:\/\/www.radekstencl.com\/cz\/shop\/umelecke-tisky-podepsane-a-limitovane-edice\/kocour-s-kulovym-bleskem-tisk\/","title":{"rendered":"Kocour s kulov\u00fdm bleskem &#8211; TISK"},"content":{"rendered":"","protected":false},"excerpt":{"rendered":"<p>Dostupn\u00e9 jsou dv\u011b mo\u017enosti.<\/p>\n<p><strong>Podepsan\u00fd tisk<\/strong> &#8211; 28 <span class=\"BxUVEf ILfuVd\" lang=\"en\"><span class=\"hgKElc\"><b>\u00d7<\/b><\/span><\/span> 39 cm, plnobarevn\u00fd digit\u00e1ln\u00ed tisk na 300g pap\u00edru, polomat. Archivn\u00ed kvalita p\u0159es 50 let.<\/p>\n<p><strong>Limitovan\u00e1 edice tisku<\/strong> &#8211; omezeno na 100 kus\u016f, 49 <span class=\"BxUVEf ILfuVd\" lang=\"en\"><span class=\"hgKElc\"><b>\u00d7<\/b><\/span><\/span> 71 cm, plnobarevn\u00fd digit\u00e1ln\u00ed tisk na 320g pap\u00edru, polomat. Archivn\u00ed kvalita p\u0159es 100 let.<\/p>\n<p>Velikost tisku u v\u0161ech mo\u017enost\u00ed zahrnuje 3 cm b\u00edl\u00fd okraj. R\u00e1m nen\u00ed sou\u010d\u00e1st\u00ed.<\/p>\n","protected":false},"featured_media":464,"template":"","meta":{"site-sidebar-layout":"default","site-content-layout":"","ast-site-content-layout":"default","site-content-style":"default","site-sidebar-style":"default","ast-global-header-display":"","ast-banner-title-visibility":"","ast-main-header-display":"","ast-hfb-above-header-display":"","ast-hfb-below-header-display":"","ast-hfb-mobile-header-display":"","site-post-title":"","ast-breadcrumbs-content":"","ast-featured-img":"","footer-sml-layout":"","theme-transparent-header-meta":"default","adv-header-id-meta":"","stick-header-meta":"","header-above-stick-meta":"","header-main-stick-meta":"","header-below-stick-meta":"","astra-migrate-meta-layouts":"set","ast-page-background-enabled":"default","ast-page-background-meta":{"desktop":{"background-color":"var(--ast-global-color-4)","background-image":"","background-repeat":"repeat","background-position":"center center","background-size":"auto","background-attachment":"scroll","background-type":"","background-media":"","overlay-type":"","overlay-color":"","overlay-opacity":"","overlay-gradient":""},"tablet":{"background-color":"","background-image":"","background-repeat":"repeat","background-position":"center center","background-size":"auto","background-attachment":"scroll","background-type":"","background-media":"","overlay-type":"","overlay-color":"","overlay-opacity":"","overlay-gradient":""},"mobile":{"background-color":"","background-image":"","background-repeat":"repeat","background-position":"center center","background-size":"auto","background-attachment":"scroll","background-type":"","background-media":"","overlay-type":"","overlay-color":"","overlay-opacity":"","overlay-gradient":""}},"ast-content-background-meta":{"desktop":{"background-color":"var(--ast-global-color-5)","background-image":"","background-repeat":"repeat","background-position":"center center","background-size":"auto","background-attachment":"scroll","background-type":"","background-media":"","overlay-type":"","overlay-color":"","overlay-opacity":"","overlay-gradient":""},"tablet":{"background-color":"var(--ast-global-color-5)","background-image":"","background-repeat":"repeat","background-position":"center center","background-size":"auto","background-attachment":"scroll","background-type":"","background-media":"","overlay-type":"","overlay-color":"","overlay-opacity":"","overlay-gradient":""},"mobile":{"background-color":"var(--ast-global-color-5)","background-image":"","background-repeat":"repeat","background-position":"center center","background-size":"auto","background-attachment":"scroll","background-type":"","background-media":"","overlay-type":"","overlay-color":"","overlay-opacity":"","overlay-gradient":""}}},"product_cat":[19],"product_tag":[],"class_list":{"0":"post-461","1":"product","2":"type-product","3":"status-publish","4":"has-post-thumbnail","6":"product_cat-umelecke-tisky-podepsane-a-limitovane-edice","7":"desktop-align-center","8":"tablet-align-left","9":"mobile-align-left","11":"first","12":"instock","13":"shipping-taxable","14":"purchasable","15":"product-type-variable","16":"has-default-attributes"},"_links":{"self":[{"href":"https:\/\/www.radekstencl.com\/cz\/wp-json\/wp\/v2\/product\/461"}],"collection":[{"href":"https:\/\/www.radekstencl.com\/cz\/wp-json\/wp\/v2\/product"}],"about":[{"href":"https:\/\/www.radekstencl.com\/cz\/wp-json\/wp\/v2\/types\/product"}],"wp:featuredmedia":[{"embeddable":true,"href":"https:\/\/www.radekstencl.com\/cz\/wp-json\/wp\/v2\/media\/464"}],"wp:attachment":[{"href":"https:\/\/www.radekstencl.com\/cz\/wp-json\/wp\/v2\/media?parent=461"}],"wp:term":[{"taxonomy":"product_cat","embeddable":true,"href":"https:\/\/www.radekstencl.com\/cz\/wp-json\/wp\/v2\/product_cat?post=461"},{"taxonomy":"product_tag","embeddable":true,"href":"https:\/\/www.radekstencl.com\/cz\/wp-json\/wp\/v2\/product_tag?post=461"}],"curies":[{"name":"wp","href":"https:\/\/api.w.org\/{rel}","templated":true}]}}