{"id":465,"date":"2024-10-02T22:33:47","date_gmt":"2024-10-02T22:33:47","guid":{"rendered":"https:\/\/www.radekstencl.com\/cz\/?post_type=product&#038;p=465"},"modified":"2024-10-05T07:43:33","modified_gmt":"2024-10-05T07:43:33","slug":"kosmokrtek-tisk","status":"publish","type":"product","link":"https:\/\/www.radekstencl.com\/cz\/shop\/umelecke-tisky-podepsane-a-limitovane-edice\/kosmokrtek-tisk\/","title":{"rendered":"Kosmokrtek &#8211; TISK"},"content":{"rendered":"","protected":false},"excerpt":{"rendered":"<p>Dostupn\u00e9 jsou dv\u011b mo\u017enosti.<\/p>\n<p>Podepsan\u00fd tisk &#8211; 29 <span class=\"BxUVEf ILfuVd\" lang=\"en\"><span class=\"hgKElc\"><b>\u00d7<\/b><\/span><\/span> 34 cm, plnobarevn\u00fd digit\u00e1ln\u00ed tisk na 300g pap\u00edru, polomat. Archivn\u00ed kvalita p\u0159es 50 let.<\/p>\n<p>Limitovan\u00e1 edice tisku &#8211; omezeno na 100 kus\u016f, 56 <span class=\"BxUVEf ILfuVd\" lang=\"en\"><span class=\"hgKElc\"><b>\u00d7<\/b><\/span><\/span> 66 cm, plnobarevn\u00fd digit\u00e1ln\u00ed tisk na 320g pap\u00edru, polomat. Archivn\u00ed kvalita p\u0159es 100 let.<\/p>\n<p>Velikost tisku u v\u0161ech mo\u017enost\u00ed zahrnuje 3 cm b\u00edl\u00fd okraj. R\u00e1m nen\u00ed sou\u010d\u00e1st\u00ed.<\/p>\n","protected":false},"featured_media":469,"template":"","meta":{"site-sidebar-layout":"default","site-content-layout":"","ast-site-content-layout":"default","site-content-style":"default","site-sidebar-style":"default","ast-global-header-display":"","ast-banner-title-visibility":"","ast-main-header-display":"","ast-hfb-above-header-display":"","ast-hfb-below-header-display":"","ast-hfb-mobile-header-display":"","site-post-title":"","ast-breadcrumbs-content":"","ast-featured-img":"","footer-sml-layout":"","theme-transparent-header-meta":"default","adv-header-id-meta":"","stick-header-meta":"","header-above-stick-meta":"","header-main-stick-meta":"","header-below-stick-meta":"","astra-migrate-meta-layouts":"set","ast-page-background-enabled":"default","ast-page-background-meta":{"desktop":{"background-color":"var(--ast-global-color-4)","background-image":"","background-repeat":"repeat","background-position":"center center","background-size":"auto","background-attachment":"scroll","background-type":"","background-media":"","overlay-type":"","overlay-color":"","overlay-opacity":"","overlay-gradient":""},"tablet":{"background-color":"","background-image":"","background-repeat":"repeat","background-position":"center center","background-size":"auto","background-attachment":"scroll","background-type":"","background-media":"","overlay-type":"","overlay-color":"","overlay-opacity":"","overlay-gradient":""},"mobile":{"background-color":"","background-image":"","background-repeat":"repeat","background-position":"center center","background-size":"auto","background-attachment":"scroll","background-type":"","background-media":"","overlay-type":"","overlay-color":"","overlay-opacity":"","overlay-gradient":""}},"ast-content-background-meta":{"desktop":{"background-color":"var(--ast-global-color-5)","background-image":"","background-repeat":"repeat","background-position":"center center","background-size":"auto","background-attachment":"scroll","background-type":"","background-media":"","overlay-type":"","overlay-color":"","overlay-opacity":"","overlay-gradient":""},"tablet":{"background-color":"var(--ast-global-color-5)","background-image":"","background-repeat":"repeat","background-position":"center center","background-size":"auto","background-attachment":"scroll","background-type":"","background-media":"","overlay-type":"","overlay-color":"","overlay-opacity":"","overlay-gradient":""},"mobile":{"background-color":"var(--ast-global-color-5)","background-image":"","background-repeat":"repeat","background-position":"center center","background-size":"auto","background-attachment":"scroll","background-type":"","background-media":"","overlay-type":"","overlay-color":"","overlay-opacity":"","overlay-gradient":""}}},"product_cat":[19],"product_tag":[],"class_list":{"0":"post-465","1":"product","2":"type-product","3":"status-publish","4":"has-post-thumbnail","6":"product_cat-umelecke-tisky-podepsane-a-limitovane-edice","7":"desktop-align-center","8":"tablet-align-left","9":"mobile-align-left","11":"first","12":"instock","13":"shipping-taxable","14":"purchasable","15":"product-type-variable","16":"has-default-attributes"},"_links":{"self":[{"href":"https:\/\/www.radekstencl.com\/cz\/wp-json\/wp\/v2\/product\/465"}],"collection":[{"href":"https:\/\/www.radekstencl.com\/cz\/wp-json\/wp\/v2\/product"}],"about":[{"href":"https:\/\/www.radekstencl.com\/cz\/wp-json\/wp\/v2\/types\/product"}],"wp:featuredmedia":[{"embeddable":true,"href":"https:\/\/www.radekstencl.com\/cz\/wp-json\/wp\/v2\/media\/469"}],"wp:attachment":[{"href":"https:\/\/www.radekstencl.com\/cz\/wp-json\/wp\/v2\/media?parent=465"}],"wp:term":[{"taxonomy":"product_cat","embeddable":true,"href":"https:\/\/www.radekstencl.com\/cz\/wp-json\/wp\/v2\/product_cat?post=465"},{"taxonomy":"product_tag","embeddable":true,"href":"https:\/\/www.radekstencl.com\/cz\/wp-json\/wp\/v2\/product_tag?post=465"}],"curies":[{"name":"wp","href":"https:\/\/api.w.org\/{rel}","templated":true}]}}